{"id":1362,"date":"2023-11-09T12:55:19","date_gmt":"2023-11-09T12:55:19","guid":{"rendered":"https:\/\/lacrocherie.fr\/la-boutique\/?post_type=product&#038;p=1362"},"modified":"2024-02-09T08:16:26","modified_gmt":"2024-02-09T08:16:26","slug":"petit-bruleur-a-huile-en-gres-au-choix","status":"publish","type":"product","link":"https:\/\/lacrocherie.fr\/la-boutique\/produit\/petit-bruleur-a-huile-en-gres-au-choix\/","title":{"rendered":"Petit bruleur \u00e0 huile en gr\u00e8s au choix"},"content":{"rendered":"<p>Petit bruleur \u00e0 huile en gr\u00e8s au choix de couleur\u00a0 verte cr\u00e8me avec motif feuilles engrav\u00e9s.<\/p>\n<p>Diff\u00e9rents mod\u00e8les disponibles \u00e0 choisir sur place.<\/p>\n<p>Cet article est disponible uniquement sur place et r\u00e9serv\u00e9 \u00e0 nos voyageurs.<\/p>\n","protected":false},"excerpt":{"rendered":"<p>Petit bruleur \u00e0 huile en gr\u00e8s au choix de couleur\u00a0 verte cr\u00e8me avec motif feuilles engrav\u00e9s. Diff\u00e9rents mod\u00e8les disponibles \u00e0 choisir sur place. Cet article est disponible uniquement sur place et r\u00e9serv\u00e9 \u00e0 nos voyageurs.<\/p>\n","protected":false},"featured_media":1363,"template":"","meta":[],"product_brand":[],"product_cat":[30],"product_tag":[],"class_list":{"0":"post-1362","1":"product","2":"type-product","3":"status-publish","4":"has-post-thumbnail","6":"product_cat-deco","7":"product_shipping_class-surplace","9":"first","10":"outofstock","11":"sale","12":"sold-individually","13":"shipping-taxable","14":"purchasable","15":"product-type-simple"},"_links":{"self":[{"href":"https:\/\/lacrocherie.fr\/la-boutique\/wp-json\/wp\/v2\/product\/1362","targetHints":{"allow":["GET"]}}],"collection":[{"href":"https:\/\/lacrocherie.fr\/la-boutique\/wp-json\/wp\/v2\/product"}],"about":[{"href":"https:\/\/lacrocherie.fr\/la-boutique\/wp-json\/wp\/v2\/types\/product"}],"version-history":[{"count":1,"href":"https:\/\/lacrocherie.fr\/la-boutique\/wp-json\/wp\/v2\/product\/1362\/revisions"}],"predecessor-version":[{"id":1365,"href":"https:\/\/lacrocherie.fr\/la-boutique\/wp-json\/wp\/v2\/product\/1362\/revisions\/1365"}],"wp:featuredmedia":[{"embeddable":true,"href":"https:\/\/lacrocherie.fr\/la-boutique\/wp-json\/wp\/v2\/media\/1363"}],"wp:attachment":[{"href":"https:\/\/lacrocherie.fr\/la-boutique\/wp-json\/wp\/v2\/media?parent=1362"}],"wp:term":[{"taxonomy":"product_brand","embeddable":true,"href":"https:\/\/lacrocherie.fr\/la-boutique\/wp-json\/wp\/v2\/product_brand?post=1362"},{"taxonomy":"product_cat","embeddable":true,"href":"https:\/\/lacrocherie.fr\/la-boutique\/wp-json\/wp\/v2\/product_cat?post=1362"},{"taxonomy":"product_tag","embeddable":true,"href":"https:\/\/lacrocherie.fr\/la-boutique\/wp-json\/wp\/v2\/product_tag?post=1362"}],"curies":[{"name":"wp","href":"https:\/\/api.w.org\/{rel}","templated":true}]}}