{"id":1352,"date":"2023-11-09T12:35:20","date_gmt":"2023-11-09T12:35:20","guid":{"rendered":"https:\/\/lacrocherie.fr\/la-boutique\/?post_type=product&#038;p=1352"},"modified":"2023-11-09T12:38:40","modified_gmt":"2023-11-09T12:38:40","slug":"capsules-supplementaires-pour-lave-vaiselle-x10","status":"publish","type":"product","link":"https:\/\/lacrocherie.fr\/la-boutique\/produit\/capsules-supplementaires-pour-lave-vaiselle-x10\/","title":{"rendered":"Capsules suppl\u00e9mentaires pour lave-vaiselle (x10)"},"content":{"rendered":"<p>Pour agr\u00e9menter votre s\u00e9jour, nous pouvons mettre \u00e0 votre disposition des pastilles suppl\u00e9mentaire pour le lave-vaiselle.<\/p>\n<p>Chaque paquet contient 10 capsules.<\/p>\n<p>Cet article est disponible uniquement sur place et r\u00e9serv\u00e9 \u00e0 nos voyageurs.<\/p>\n","protected":false},"excerpt":{"rendered":"<p>Pour agr\u00e9menter votre s\u00e9jour, nous pouvons mettre \u00e0 votre disposition des pastilles suppl\u00e9mentaire pour le lave-vaiselle. Chaque paquet contient 10 capsules. Cet article est disponible uniquement sur place et r\u00e9serv\u00e9 \u00e0 nos voyageurs.<\/p>\n","protected":false},"featured_media":1356,"template":"","meta":[],"product_brand":[],"product_cat":[32],"product_tag":[],"class_list":{"0":"post-1352","1":"product","2":"type-product","3":"status-publish","4":"has-post-thumbnail","6":"product_cat-sejour","7":"product_shipping_class-surplace","9":"first","10":"instock","11":"shipping-taxable","12":"purchasable","13":"product-type-simple"},"_links":{"self":[{"href":"https:\/\/lacrocherie.fr\/la-boutique\/wp-json\/wp\/v2\/product\/1352","targetHints":{"allow":["GET"]}}],"collection":[{"href":"https:\/\/lacrocherie.fr\/la-boutique\/wp-json\/wp\/v2\/product"}],"about":[{"href":"https:\/\/lacrocherie.fr\/la-boutique\/wp-json\/wp\/v2\/types\/product"}],"version-history":[{"count":1,"href":"https:\/\/lacrocherie.fr\/la-boutique\/wp-json\/wp\/v2\/product\/1352\/revisions"}],"predecessor-version":[{"id":1353,"href":"https:\/\/lacrocherie.fr\/la-boutique\/wp-json\/wp\/v2\/product\/1352\/revisions\/1353"}],"wp:featuredmedia":[{"embeddable":true,"href":"https:\/\/lacrocherie.fr\/la-boutique\/wp-json\/wp\/v2\/media\/1356"}],"wp:attachment":[{"href":"https:\/\/lacrocherie.fr\/la-boutique\/wp-json\/wp\/v2\/media?parent=1352"}],"wp:term":[{"taxonomy":"product_brand","embeddable":true,"href":"https:\/\/lacrocherie.fr\/la-boutique\/wp-json\/wp\/v2\/product_brand?post=1352"},{"taxonomy":"product_cat","embeddable":true,"href":"https:\/\/lacrocherie.fr\/la-boutique\/wp-json\/wp\/v2\/product_cat?post=1352"},{"taxonomy":"product_tag","embeddable":true,"href":"https:\/\/lacrocherie.fr\/la-boutique\/wp-json\/wp\/v2\/product_tag?post=1352"}],"curies":[{"name":"wp","href":"https:\/\/api.w.org\/{rel}","templated":true}]}}