{"id":1327,"date":"2023-11-09T11:26:51","date_gmt":"2023-11-09T11:26:51","guid":{"rendered":"https:\/\/lacrocherie.fr\/la-boutique\/?post_type=product&#038;p=1327"},"modified":"2023-11-09T11:31:42","modified_gmt":"2023-11-09T11:31:42","slug":"echarpe-en-soie-couleur-bleue-et-rose","status":"publish","type":"product","link":"https:\/\/lacrocherie.fr\/la-boutique\/produit\/echarpe-en-soie-couleur-bleue-et-rose\/","title":{"rendered":"Echarpe en soie couleur bleue et rose"},"content":{"rendered":"<h2>Echarpe en soie de Tha\u00eflande bicolore<\/h2>\n<p>Red\u00e9couvrez la douceur exceptionnel de la soie avec cette \u00e9charpe haute en couleur bleu turquoise et rose qui saura s&rsquo;adapter avec toute les tenues.<\/p>\n<p>Cette grande \u00e9charpe mixte convient \u00e0 tous les \u00e2ges comme \u00e0 tous les genres.<\/p>\n<p>Lavage \u00e0 main uniquement<\/p>\n<h2>Caract\u00e9ristiques<\/h2>\n<p><strong>Mati\u00e8re:<\/strong> 100% pure soie<\/p>\n<p><strong>Dimensions:<\/strong> 140 x 40cm<\/p>\n","protected":false},"excerpt":{"rendered":"<p>Grande \u00e9charpe mixte en soie de Tha\u00eflande, l\u00e9g\u00e8re \u00e0 la douceur incomparable.<\/p>\n","protected":false},"featured_media":1332,"template":"","meta":[],"product_brand":[],"product_cat":[30],"product_tag":[],"class_list":{"0":"post-1327","1":"product","2":"type-product","3":"status-publish","4":"has-post-thumbnail","6":"product_cat-deco","8":"first","9":"instock","10":"sale","11":"sold-individually","12":"shipping-taxable","13":"purchasable","14":"product-type-simple"},"_links":{"self":[{"href":"https:\/\/lacrocherie.fr\/la-boutique\/wp-json\/wp\/v2\/product\/1327","targetHints":{"allow":["GET"]}}],"collection":[{"href":"https:\/\/lacrocherie.fr\/la-boutique\/wp-json\/wp\/v2\/product"}],"about":[{"href":"https:\/\/lacrocherie.fr\/la-boutique\/wp-json\/wp\/v2\/types\/product"}],"version-history":[{"count":2,"href":"https:\/\/lacrocherie.fr\/la-boutique\/wp-json\/wp\/v2\/product\/1327\/revisions"}],"predecessor-version":[{"id":1335,"href":"https:\/\/lacrocherie.fr\/la-boutique\/wp-json\/wp\/v2\/product\/1327\/revisions\/1335"}],"wp:featuredmedia":[{"embeddable":true,"href":"https:\/\/lacrocherie.fr\/la-boutique\/wp-json\/wp\/v2\/media\/1332"}],"wp:attachment":[{"href":"https:\/\/lacrocherie.fr\/la-boutique\/wp-json\/wp\/v2\/media?parent=1327"}],"wp:term":[{"taxonomy":"product_brand","embeddable":true,"href":"https:\/\/lacrocherie.fr\/la-boutique\/wp-json\/wp\/v2\/product_brand?post=1327"},{"taxonomy":"product_cat","embeddable":true,"href":"https:\/\/lacrocherie.fr\/la-boutique\/wp-json\/wp\/v2\/product_cat?post=1327"},{"taxonomy":"product_tag","embeddable":true,"href":"https:\/\/lacrocherie.fr\/la-boutique\/wp-json\/wp\/v2\/product_tag?post=1327"}],"curies":[{"name":"wp","href":"https:\/\/api.w.org\/{rel}","templated":true}]}}